{"id":341,"date":"2018-03-02T08:48:05","date_gmt":"2018-03-02T08:48:05","guid":{"rendered":"http:\/\/augmentedcommunity.com\/agmsilver\/ekszerek\/"},"modified":"2019-05-15T13:04:04","modified_gmt":"2019-05-15T13:04:04","slug":"jewellery","status":"publish","type":"page","link":"https:\/\/agmsilver.hu\/en\/jewellery\/","title":{"rendered":"Jewellery"},"content":{"rendered":"\n<div class=\"ekszerek\">\n<figure id=\"attachment_905\" aria-describedby=\"caption-attachment-905\" style=\"width: 200px\" class=\"wp-caption alignleft\"><a href=\"https:\/\/agmsilver.hu\/en\/jewelleries\/amore-baci\/\"><img loading=\"lazy\" class=\"wp-image-905 size-thumbnail aligncenter\" src=\"http:\/\/agmsilver.hu\/wp-content\/uploads\/sky_tm.jpg\" alt=\"\" width=\"200\" height=\"150\"><\/a><figcaption id=\"caption-attachment-905\" class=\"wp-caption-text\">Amore &amp; Baci<\/figcaption><\/figure>\n<figure id=\"attachment_116\" aria-describedby=\"caption-attachment-116\" style=\"width: 200px\" class=\"wp-caption alignleft\"><a href=\"https:\/\/agmsilver.hu\/en\/jewelleries\/mediterranean-silver\/\"><img loading=\"lazy\" class=\"wp-image-116 size-thumbnail\" src=\"http:\/\/agmsilver.hu\/wp-content\/uploads\/6-200x150.jpg\" alt=\"\" width=\"200\" height=\"150\" srcset=\"https:\/\/agmsilver.hu\/wp-content\/uploads\/6-200x150.jpg 200w, https:\/\/agmsilver.hu\/wp-content\/uploads\/6-300x225.jpg 300w, https:\/\/agmsilver.hu\/wp-content\/uploads\/6.jpg 566w\" sizes=\"(max-width: 200px) 100vw, 200px\" \/><\/a><figcaption id=\"caption-attachment-116\" class=\"wp-caption-text\">MEDITERRANEAN SILVER<\/figcaption><\/figure>\n<figure id=\"attachment_145\" aria-describedby=\"caption-attachment-145\" style=\"width: 200px\" class=\"wp-caption alignleft\"><a href=\"https:\/\/agmsilver.hu\/en\/jewelleries\/pearl\/\"><img loading=\"lazy\" class=\"wp-image-145 size-thumbnail\" src=\"http:\/\/agmsilver.hu\/wp-content\/uploads\/07-1-200x150.jpg\" alt=\"\" width=\"200\" height=\"150\" srcset=\"https:\/\/agmsilver.hu\/wp-content\/uploads\/07-1-200x150.jpg 200w, https:\/\/agmsilver.hu\/wp-content\/uploads\/07-1-300x225.jpg 300w, https:\/\/agmsilver.hu\/wp-content\/uploads\/07-1.jpg 566w\" sizes=\"(max-width: 200px) 100vw, 200px\" \/><\/a><figcaption id=\"caption-attachment-145\" class=\"wp-caption-text\">Pearl<\/figcaption><\/figure>\n<figure id=\"attachment_177\" aria-describedby=\"caption-attachment-177\" style=\"width: 200px\" class=\"wp-caption alignleft\"><a href=\"https:\/\/agmsilver.hu\/en\/jewelleries\/jessica\/\"><img loading=\"lazy\" class=\"wp-image-177 size-thumbnail\" src=\"http:\/\/agmsilver.hu\/wp-content\/uploads\/Jessica-002-1-200x150.jpg\" alt=\"\" width=\"200\" height=\"150\" srcset=\"https:\/\/agmsilver.hu\/wp-content\/uploads\/Jessica-002-1-200x150.jpg 200w, https:\/\/agmsilver.hu\/wp-content\/uploads\/Jessica-002-1-300x225.jpg 300w, https:\/\/agmsilver.hu\/wp-content\/uploads\/Jessica-002-1.jpg 566w\" sizes=\"(max-width: 200px) 100vw, 200px\" \/><\/a><figcaption id=\"caption-attachment-177\" class=\"wp-caption-text\">Jessica<\/figcaption><\/figure>\n<figure id=\"attachment_88\" aria-describedby=\"caption-attachment-88\" style=\"width: 200px\" class=\"wp-caption alignleft\"><a href=\"https:\/\/agmsilver.hu\/en\/jewelleries\/new-bling\/\"><img loading=\"lazy\" class=\"wp-image-88 size-thumbnail\" src=\"http:\/\/agmsilver.hu\/wp-content\/uploads\/07-200x150.jpg\" alt=\"\" width=\"200\" height=\"150\" srcset=\"https:\/\/agmsilver.hu\/wp-content\/uploads\/07-200x150.jpg 200w, https:\/\/agmsilver.hu\/wp-content\/uploads\/07-300x225.jpg 300w, https:\/\/agmsilver.hu\/wp-content\/uploads\/07.jpg 566w\" sizes=\"(max-width: 200px) 100vw, 200px\" \/><\/a><figcaption id=\"caption-attachment-88\" class=\"wp-caption-text\">New Bling<\/figcaption><\/figure>\n<figure id=\"attachment_612\" aria-describedby=\"caption-attachment-612\" style=\"width: 200px\" class=\"wp-caption alignleft\"><a href=\"https:\/\/agmsilver.hu\/en\/jewelleries\/mens-jewellery\/\"><img loading=\"lazy\" class=\"wp-image-612 size-thumbnail\" src=\"http:\/\/agmsilver.hu\/wp-content\/uploads\/555x555-galeria-kep-juli-03-200x150.jpg\" alt=\"\" width=\"200\" height=\"150\" srcset=\"https:\/\/agmsilver.hu\/wp-content\/uploads\/555x555-galeria-kep-juli-03-200x150.jpg 200w, https:\/\/agmsilver.hu\/wp-content\/uploads\/555x555-galeria-kep-juli-03-300x225.jpg 300w, https:\/\/agmsilver.hu\/wp-content\/uploads\/555x555-galeria-kep-juli-03.jpg 566w\" sizes=\"(max-width: 200px) 100vw, 200px\" \/><\/a><figcaption id=\"caption-attachment-612\" class=\"wp-caption-text\">MEN\u2019S JEWELLRY<\/figcaption><\/figure>\n<figure id=\"attachment_618\" aria-describedby=\"caption-attachment-618\" style=\"width: 200px\" class=\"wp-caption alignleft\"><a href=\"https:\/\/agmsilver.hu\/en\/jewelleries\/bracelets\/\"><img loading=\"lazy\" class=\"wp-image-618 size-thumbnail\" src=\"http:\/\/agmsilver.hu\/wp-content\/uploads\/agm_555x555-10-200x150.jpg\" alt=\"\" width=\"200\" height=\"150\" srcset=\"https:\/\/agmsilver.hu\/wp-content\/uploads\/agm_555x555-10-200x150.jpg 200w, https:\/\/agmsilver.hu\/wp-content\/uploads\/agm_555x555-10-300x225.jpg 300w, https:\/\/agmsilver.hu\/wp-content\/uploads\/agm_555x555-10.jpg 566w\" sizes=\"(max-width: 200px) 100vw, 200px\" \/><\/a><figcaption id=\"caption-attachment-618\" class=\"wp-caption-text\">BRACELETS<\/figcaption><\/figure>\n<figure id=\"attachment_212\" aria-describedby=\"caption-attachment-212\" style=\"width: 200px\" class=\"wp-caption alignleft\"><a href=\"https:\/\/agmsilver.hu\/en\/jewelleries\/wedding-rings\/\"><img loading=\"lazy\" class=\"size-thumbnail wp-image-212\" src=\"http:\/\/agmsilver.hu\/wp-content\/uploads\/g08-200x150.jpg\" alt=\"\" width=\"200\" height=\"150\" srcset=\"https:\/\/agmsilver.hu\/wp-content\/uploads\/g08-200x150.jpg 200w, https:\/\/agmsilver.hu\/wp-content\/uploads\/g08-300x225.jpg 300w, https:\/\/agmsilver.hu\/wp-content\/uploads\/g08.jpg 566w\" sizes=\"(max-width: 200px) 100vw, 200px\" \/><\/a><figcaption id=\"caption-attachment-212\" class=\"wp-caption-text\">WEDDING RINGS<\/figcaption><\/figure>\n<figure id=\"attachment_625\" aria-describedby=\"caption-attachment-625\" style=\"width: 200px\" class=\"wp-caption alignleft\"><a href=\"https:\/\/agmsilver.hu\/en\/jewelleries\/design-jewellery\/\"><img loading=\"lazy\" class=\"wp-image-625 size-thumbnail\" src=\"http:\/\/agmsilver.hu\/wp-content\/uploads\/555x555-galeria-kep-juli-06-200x150.jpg\" alt=\"\" width=\"200\" height=\"150\" srcset=\"https:\/\/agmsilver.hu\/wp-content\/uploads\/555x555-galeria-kep-juli-06-200x150.jpg 200w, https:\/\/agmsilver.hu\/wp-content\/uploads\/555x555-galeria-kep-juli-06-300x225.jpg 300w, https:\/\/agmsilver.hu\/wp-content\/uploads\/555x555-galeria-kep-juli-06.jpg 566w\" sizes=\"(max-width: 200px) 100vw, 200px\" \/><\/a><figcaption id=\"caption-attachment-625\" class=\"wp-caption-text\">DESIGN JEWELLERY<\/figcaption><\/figure>\n<figure id=\"attachment_191\" aria-describedby=\"caption-attachment-191\" style=\"width: 200px\" class=\"wp-caption alignleft\"><a href=\"https:\/\/agmsilver.hu\/en\/jewelleries\/yvette-ries\/\"><img loading=\"lazy\" class=\"size-thumbnail wp-image-191\" src=\"http:\/\/agmsilver.hu\/wp-content\/uploads\/03-2-200x150.jpg\" alt=\"\" width=\"200\" height=\"150\" srcset=\"https:\/\/agmsilver.hu\/wp-content\/uploads\/03-2-200x150.jpg 200w, https:\/\/agmsilver.hu\/wp-content\/uploads\/03-2-300x225.jpg 300w, https:\/\/agmsilver.hu\/wp-content\/uploads\/03-2.jpg 566w\" sizes=\"(max-width: 200px) 100vw, 200px\" \/><\/a><figcaption id=\"caption-attachment-191\" class=\"wp-caption-text\">Yvette Ries<\/figcaption><\/figure>\n<figure id=\"attachment_687\" aria-describedby=\"caption-attachment-687\" style=\"width: 200px\" class=\"wp-caption alignleft\"><a href=\"https:\/\/agmsilver.hu\/en\/jewelleries\/zirconia\/\"><img loading=\"lazy\" class=\"size-thumbnail wp-image-687 aligncenter\" src=\"http:\/\/agmsilver.hu\/wp-content\/uploads\/06-4-200x150.jpg\" alt=\"\" width=\"200\" height=\"150\" srcset=\"https:\/\/agmsilver.hu\/wp-content\/uploads\/06-4-200x150.jpg 200w, https:\/\/agmsilver.hu\/wp-content\/uploads\/06-4-300x225.jpg 300w, https:\/\/agmsilver.hu\/wp-content\/uploads\/06-4.jpg 566w\" sizes=\"(max-width: 200px) 100vw, 200px\" \/><\/a><figcaption id=\"caption-attachment-687\" class=\"wp-caption-text\">Zirconia<\/figcaption><\/figure>\n<figure id=\"attachment_1638\" aria-describedby=\"caption-attachment-1638\" style=\"width: 200px\" class=\"wp-caption alignleft\"><a href=\"https:\/\/agmsilver.hu\/en\/jewellery\/opal-with-zirconia\/\"><img loading=\"lazy\" class=\"wp-image-1638 size-thumbnail\" src=\"http:\/\/agmsilver.hu\/wp-content\/uploads\/opalcirkonia-200x150.jpg\" alt=\"OP\u00c1L K\u00d6VES \u00c9KSZEREK CIRK\u00d3NI\u00c1VAL\" width=\"200\" height=\"150\" srcset=\"https:\/\/agmsilver.hu\/wp-content\/uploads\/opalcirkonia-200x150.jpg 200w, https:\/\/agmsilver.hu\/wp-content\/uploads\/opalcirkonia-300x225.jpg 300w, https:\/\/agmsilver.hu\/wp-content\/uploads\/opalcirkonia.jpg 566w\" sizes=\"(max-width: 200px) 100vw, 200px\" \/><\/a><figcaption id=\"caption-attachment-1638\" class=\"wp-caption-text\">OPAL WITH ZIRCONIA<\/figcaption><\/figure>\n<figure id=\"attachment_1642\" aria-describedby=\"caption-attachment-1642\" style=\"width: 200px\" class=\"wp-caption alignleft\"><a href=\"https:\/\/agmsilver.hu\/ekszerek\/valentina\/\"><img loading=\"lazy\" class=\"wp-image-1642 size-thumbnail\" src=\"https:\/\/agmsilver.hu\/wp-content\/uploads\/valentina-category.jpg\" alt=\"silver items\" width=\"200\" height=\"150\" \/><\/a><figcaption id=\"caption-attachment-1642\" class=\"wp-caption-text\">VALENTINA<\/figcaption><\/figure>\n<figure id=\"attachment_1642\" aria-describedby=\"caption-attachment-1642\" style=\"width: 200px\" class=\"wp-caption alignleft\"><a href=\"https:\/\/agmsilver.hu\/en\/silver-items\/\"><img loading=\"lazy\" class=\"wp-image-1642 size-thumbnail\" src=\"http:\/\/agmsilver.hu\/wp-content\/uploads\/ezusttargyak-200x150.jpg\" alt=\"silver items\" width=\"200\" height=\"150\" srcset=\"https:\/\/agmsilver.hu\/wp-content\/uploads\/ezusttargyak-200x150.jpg 200w, https:\/\/agmsilver.hu\/wp-content\/uploads\/ezusttargyak-300x225.jpg 300w, https:\/\/agmsilver.hu\/wp-content\/uploads\/ezusttargyak.jpg 566w\" sizes=\"(max-width: 200px) 100vw, 200px\" \/><\/a><figcaption id=\"caption-attachment-1642\" class=\"wp-caption-text\">SILVER ITEMS<\/figcaption><\/figure>\n<figure id=\"attachment_1642\" aria-describedby=\"caption-attachment-1642\" style=\"width: 200px\" class=\"wp-caption alignleft\"><a href=\"https:\/\/agmsilver.hu\/en\/jewellery\/silver-pictureframes\/\"><img loading=\"lazy\" class=\"wp-image-1642 size-thumbnail\" src=\"https:\/\/agmsilver.hu\/wp-content\/uploads\/categorykepkeret-1.jpg\" alt=\"silver items\" width=\"200\" height=\"150\" \/><\/a><figcaption id=\"caption-attachment-1642\" class=\"wp-caption-text\">SILVER PICTURE FRAMES<\/figcaption><\/figure>\n<\/div>\n","protected":false},"excerpt":{"rendered":"","protected":false},"author":1,"featured_media":0,"parent":0,"menu_order":0,"comment_status":"closed","ping_status":"closed","template":"","meta":[],"_links":{"self":[{"href":"https:\/\/agmsilver.hu\/en\/wp-json\/wp\/v2\/pages\/341"}],"collection":[{"href":"https:\/\/agmsilver.hu\/en\/wp-json\/wp\/v2\/pages"}],"about":[{"href":"https:\/\/agmsilver.hu\/en\/wp-json\/wp\/v2\/types\/page"}],"author":[{"embeddable":true,"href":"https:\/\/agmsilver.hu\/en\/wp-json\/wp\/v2\/users\/1"}],"replies":[{"embeddable":true,"href":"https:\/\/agmsilver.hu\/en\/wp-json\/wp\/v2\/comments?post=341"}],"version-history":[{"count":43,"href":"https:\/\/agmsilver.hu\/en\/wp-json\/wp\/v2\/pages\/341\/revisions"}],"predecessor-version":[{"id":2869,"href":"https:\/\/agmsilver.hu\/en\/wp-json\/wp\/v2\/pages\/341\/revisions\/2869"}],"wp:attachment":[{"href":"https:\/\/agmsilver.hu\/en\/wp-json\/wp\/v2\/media?parent=341"}],"curies":[{"name":"wp","href":"https:\/\/api.w.org\/{rel}","templated":true}]}}