{"id":2988,"date":"2024-06-19T16:35:45","date_gmt":"2024-06-19T16:35:45","guid":{"rendered":"https:\/\/agmsilver.hu\/?page_id=2988"},"modified":"2024-06-25T14:33:35","modified_gmt":"2024-06-25T14:33:35","slug":"ginop-9-1-1-21","status":"publish","type":"page","link":"https:\/\/agmsilver.hu\/en\/ginop-9-1-1-21\/","title":{"rendered":"GINOP-9.1.1-21"},"content":{"rendered":"\n<p>2x 10,000,000 Ft<\/p>\n\n\n\n<ul><li>A kedvezm\u00e9nyezett neve: \u00c1GM Inside Word Kft.<\/li><li>A projekt c\u00edme: \u00dajraind\u00edt\u00e1si Gyorsk\u00f6lcs\u00f6n Hitelprogram<\/li><li>A projekt tartalma: COVID-19 j\u00e1rv\u00e1nnyal \u00f6sszef\u00fcgg\u0151 t\u00e1mogat\u00e1s<\/li><li>A szerz\u0151d\u00f6tt t\u00e1mogat\u00e1s \u00f6sszege: 10.000.000 Ft<\/li><li>A felh\u00edv\u00e1s azonos\u00edt\u00f3 jele: GINOP-9.1.1-21<\/li><li>A projekt befejez\u00e9si d\u00e1tuma: 2024. 05. 30.<\/li><\/ul>\n\n\n\n<p><\/p>\n","protected":false},"excerpt":{"rendered":"<p>2x 10,000,000 Ft A kedvezm\u00e9nyezett neve: \u00c1GM Inside Word Kft. A projekt c\u00edme: \u00dajraind\u00edt\u00e1si Gyorsk\u00f6lcs\u00f6n Hitelprogram A projekt tartalma: COVID-19 j\u00e1rv\u00e1nnyal \u00f6sszef\u00fcgg\u0151 t\u00e1mogat\u00e1s A szerz\u0151d\u00f6tt t\u00e1mogat\u00e1s \u00f6sszege: 10.000.000 Ft A felh\u00edv\u00e1s azonos\u00edt\u00f3 jele: GINOP-9.1.1-21 A projekt befejez\u00e9si d\u00e1tuma: 2024. 05. 30.<\/p>\n","protected":false},"author":1,"featured_media":0,"parent":0,"menu_order":0,"comment_status":"closed","ping_status":"closed","template":"","meta":[],"_links":{"self":[{"href":"https:\/\/agmsilver.hu\/en\/wp-json\/wp\/v2\/pages\/2988"}],"collection":[{"href":"https:\/\/agmsilver.hu\/en\/wp-json\/wp\/v2\/pages"}],"about":[{"href":"https:\/\/agmsilver.hu\/en\/wp-json\/wp\/v2\/types\/page"}],"author":[{"embeddable":true,"href":"https:\/\/agmsilver.hu\/en\/wp-json\/wp\/v2\/users\/1"}],"replies":[{"embeddable":true,"href":"https:\/\/agmsilver.hu\/en\/wp-json\/wp\/v2\/comments?post=2988"}],"version-history":[{"count":2,"href":"https:\/\/agmsilver.hu\/en\/wp-json\/wp\/v2\/pages\/2988\/revisions"}],"predecessor-version":[{"id":2991,"href":"https:\/\/agmsilver.hu\/en\/wp-json\/wp\/v2\/pages\/2988\/revisions\/2991"}],"wp:attachment":[{"href":"https:\/\/agmsilver.hu\/en\/wp-json\/wp\/v2\/media?parent=2988"}],"curies":[{"name":"wp","href":"https:\/\/api.w.org\/{rel}","templated":true}]}}